{"id":555,"date":"2023-10-12T23:13:14","date_gmt":"2023-10-12T23:13:14","guid":{"rendered":"https:\/\/saibam.com.br\/excel\/?page_id=555"},"modified":"2023-10-12T23:22:26","modified_gmt":"2023-10-12T23:22:26","slug":"blog","status":"publish","type":"page","link":"https:\/\/saibam.com.br\/excel\/blog\/","title":{"rendered":"Blog"},"content":{"rendered":"\t\t<div data-elementor-type=\"wp-page\" data-elementor-id=\"555\" class=\"elementor elementor-555\">\n\t\t\t\t<div class=\"elementor-element elementor-element-7fc2c74 e-flex e-con-boxed e-con e-parent\" data-id=\"7fc2c74\" data-element_type=\"container\">\n\t\t\t\t\t<div class=\"e-con-inner\">\n\t\t\t\t<div class=\"elementor-element elementor-element-4443d2e elementor-icon-list--layout-inline elementor-align-center elementor-list-item-link-full_width elementor-widget elementor-widget-icon-list\" data-id=\"4443d2e\" data-element_type=\"widget\" data-widget_type=\"icon-list.default\">\n\t\t\t\t<div class=\"elementor-widget-container\">\n\t\t\t\t\t\t\t<ul class=\"elementor-icon-list-items elementor-inline-items\">\n\t\t\t\t\t\t\t<li class=\"elementor-icon-list-item elementor-inline-item\">\n\t\t\t\t\t\t\t\t\t\t\t<a href=\"https:\/\/saibam.com.br\/\">\n\n\t\t\t\t\t\t\t\t\t\t\t\t<span class=\"elementor-icon-list-icon\">\n\t\t\t\t\t\t\t<i aria-hidden=\"true\" class=\"fas fa-home\"><\/i>\t\t\t\t\t\t<\/span>\n\t\t\t\t\t\t\t\t\t\t<span class=\"elementor-icon-list-text\">Home<\/span>\n\t\t\t\t\t\t\t\t\t\t\t<\/a>\n\t\t\t\t\t\t\t\t\t<\/li>\n\t\t\t\t\t\t\t\t<li class=\"elementor-icon-list-item elementor-inline-item\">\n\t\t\t\t\t\t\t\t\t\t\t<a href=\"https:\/\/saibam.com.br\/excel\/blog\">\n\n\t\t\t\t\t\t\t\t\t\t\t\t<span class=\"elementor-icon-list-icon\">\n\t\t\t\t\t\t\t<i aria-hidden=\"true\" class=\"fas fa-blog\"><\/i>\t\t\t\t\t\t<\/span>\n\t\t\t\t\t\t\t\t\t\t<span class=\"elementor-icon-list-text\">Blog<\/span>\n\t\t\t\t\t\t\t\t\t\t\t<\/a>\n\t\t\t\t\t\t\t\t\t<\/li>\n\t\t\t\t\t\t\t\t<li class=\"elementor-icon-list-item elementor-inline-item\">\n\t\t\t\t\t\t\t\t\t\t\t<a href=\"https:\/\/saibam.com.br\/excel\/contato\">\n\n\t\t\t\t\t\t\t\t\t\t\t\t<span class=\"elementor-icon-list-icon\">\n\t\t\t\t\t\t\t<i aria-hidden=\"true\" class=\"fab fa-contao\"><\/i>\t\t\t\t\t\t<\/span>\n\t\t\t\t\t\t\t\t\t\t<span class=\"elementor-icon-list-text\">Contato<\/span>\n\t\t\t\t\t\t\t\t\t\t\t<\/a>\n\t\t\t\t\t\t\t\t\t<\/li>\n\t\t\t\t\t\t\t\t<li class=\"elementor-icon-list-item elementor-inline-item\">\n\t\t\t\t\t\t\t\t\t\t\t<a href=\"https:\/\/saibam.com.br\/excel\/sobre\">\n\n\t\t\t\t\t\t\t\t\t\t\t\t<span class=\"elementor-icon-list-icon\">\n\t\t\t\t\t\t\t<i aria-hidden=\"true\" class=\"far fa-laugh\"><\/i>\t\t\t\t\t\t<\/span>\n\t\t\t\t\t\t\t\t\t\t<span class=\"elementor-icon-list-text\">Sobre<\/span>\n\t\t\t\t\t\t\t\t\t\t\t<\/a>\n\t\t\t\t\t\t\t\t\t<\/li>\n\t\t\t\t\t\t\t\t<li class=\"elementor-icon-list-item elementor-inline-item\">\n\t\t\t\t\t\t\t\t\t\t\t<a href=\"https:\/\/saibam.com.br\/excel\/pesquisar-no-site\/\">\n\n\t\t\t\t\t\t\t\t\t\t\t\t<span class=\"elementor-icon-list-icon\">\n\t\t\t\t\t\t\t<i aria-hidden=\"true\" class=\"fas fa-search\"><\/i>\t\t\t\t\t\t<\/span>\n\t\t\t\t\t\t\t\t\t\t<span class=\"elementor-icon-list-text\">Pesquisar<\/span>\n\t\t\t\t\t\t\t\t\t\t\t<\/a>\n\t\t\t\t\t\t\t\t\t<\/li>\n\t\t\t\t\t\t<\/ul>\n\t\t\t\t\t\t<\/div>\n\t\t\t\t<\/div>\n\t\t\t\t\t<\/div>\n\t\t\t\t<\/div>\n\t\t<div class=\"elementor-element elementor-element-a25be3d e-flex e-con-boxed e-con e-parent\" data-id=\"a25be3d\" data-element_type=\"container\">\n\t\t\t\t\t<div class=\"e-con-inner\">\n\t\t<div class=\"elementor-element elementor-element-13f8300 e-con-full e-flex e-con e-child\" data-id=\"13f8300\" data-element_type=\"container\">\n\t\t\t\t<div class=\"elementor-element elementor-element-fd886c8 elementor-widget elementor-widget-video\" data-id=\"fd886c8\" data-element_type=\"widget\" data-settings=\"{&quot;youtube_url&quot;:&quot;https:\\\/\\\/youtu.be\\\/Xu2VB19TEoA&quot;,&quot;video_type&quot;:&quot;youtube&quot;,&quot;controls&quot;:&quot;yes&quot;}\" data-widget_type=\"video.default\">\n\t\t\t\t<div class=\"elementor-widget-container\">\n\t\t\t\t\t\t\t<div class=\"elementor-wrapper elementor-open-inline\">\n\t\t\t<div class=\"elementor-video\"><\/div>\t\t<\/div>\n\t\t\t\t\t\t<\/div>\n\t\t\t\t<\/div>\n\t\t\t\t<\/div>\n\t\t<div class=\"elementor-element elementor-element-2551172 e-con-full e-flex e-con e-child\" data-id=\"2551172\" data-element_type=\"container\">\n\t\t\t\t<div class=\"elementor-element elementor-element-3447480 elementor-widget elementor-widget-video\" data-id=\"3447480\" data-element_type=\"widget\" data-settings=\"{&quot;youtube_url&quot;:&quot;https:\\\/\\\/youtu.be\\\/wCtsXK9sSe0&quot;,&quot;video_type&quot;:&quot;youtube&quot;,&quot;controls&quot;:&quot;yes&quot;}\" data-widget_type=\"video.default\">\n\t\t\t\t<div class=\"elementor-widget-container\">\n\t\t\t\t\t\t\t<div class=\"elementor-wrapper elementor-open-inline\">\n\t\t\t<div class=\"elementor-video\"><\/div>\t\t<\/div>\n\t\t\t\t\t\t<\/div>\n\t\t\t\t<\/div>\n\t\t\t\t<\/div>\n\t\t\t\t\t<\/div>\n\t\t\t\t<\/div>\n\t\t\t\t<\/div>\n\t\t","protected":false},"excerpt":{"rendered":"<p>Home Blog Contato Sobre Pesquisar https:\/\/youtu.be\/Xu2VB19TEoAhttps:\/\/youtu.be\/wCtsXK9sSe0<\/p>\n","protected":false},"author":2,"featured_media":0,"parent":0,"menu_order":0,"comment_status":"closed","ping_status":"closed","template":"","meta":{"tpgb_global_settings":"","footnotes":""},"class_list":["post-555","page","type-page","status-publish","hentry"],"yoast_head":"<!-- This site is optimized with the Yoast SEO plugin v25.4 - https:\/\/yoast.com\/wordpress\/plugins\/seo\/ -->\n<title>Blog - Saibam<\/title>\n<meta name=\"description\" content=\"Bem-vindo \u00e0 nossa p\u00e1gina de Blog! Estamos entusiasmados para ouvir de voc\u00ea e ansiosos para ajudar com suas necessidades de programa\u00e7\u00e3o VBA. Se voc\u00ea tem perguntas, sugest\u00f5es, ou precisa de suporte personalizado.\" \/>\n<meta name=\"robots\" content=\"index, follow, max-snippet:-1, max-image-preview:large, max-video-preview:-1\" \/>\n<link rel=\"canonical\" href=\"https:\/\/saibam.com.br\/excel\/blog\/\" \/>\n<meta property=\"og:locale\" content=\"pt_PT\" \/>\n<meta property=\"og:type\" content=\"article\" \/>\n<meta property=\"og:title\" content=\"Blog - Saibam\" \/>\n<meta property=\"og:description\" content=\"Bem-vindo \u00e0 nossa p\u00e1gina de Blog! Estamos entusiasmados para ouvir de voc\u00ea e ansiosos para ajudar com suas necessidades de programa\u00e7\u00e3o VBA. Se voc\u00ea tem perguntas, sugest\u00f5es, ou precisa de suporte personalizado.\" \/>\n<meta property=\"og:url\" content=\"https:\/\/saibam.com.br\/excel\/blog\/\" \/>\n<meta property=\"og:site_name\" content=\"Saibam\" \/>\n<meta property=\"article:modified_time\" content=\"2023-10-12T23:22:26+00:00\" \/>\n<meta name=\"twitter:card\" content=\"summary_large_image\" \/>\n<meta name=\"twitter:label1\" content=\"Tempo estimado de leitura\" \/>\n\t<meta name=\"twitter:data1\" content=\"1 minuto\" \/>\n<script type=\"application\/ld+json\" class=\"yoast-schema-graph\">{\"@context\":\"https:\/\/schema.org\",\"@graph\":[{\"@type\":\"WebPage\",\"@id\":\"https:\/\/saibam.com.br\/excel\/blog\/\",\"url\":\"https:\/\/saibam.com.br\/excel\/blog\/\",\"name\":\"Blog - Saibam\",\"isPartOf\":{\"@id\":\"https:\/\/saibam.com.br\/excel\/#website\"},\"datePublished\":\"2023-10-12T23:13:14+00:00\",\"dateModified\":\"2023-10-12T23:22:26+00:00\",\"description\":\"Bem-vindo \u00e0 nossa p\u00e1gina de Blog! Estamos entusiasmados para ouvir de voc\u00ea e ansiosos para ajudar com suas necessidades de programa\u00e7\u00e3o VBA. Se voc\u00ea tem perguntas, sugest\u00f5es, ou precisa de suporte personalizado.\",\"breadcrumb\":{\"@id\":\"https:\/\/saibam.com.br\/excel\/blog\/#breadcrumb\"},\"inLanguage\":\"pt-PT\",\"potentialAction\":[{\"@type\":\"ReadAction\",\"target\":[\"https:\/\/saibam.com.br\/excel\/blog\/\"]}]},{\"@type\":\"BreadcrumbList\",\"@id\":\"https:\/\/saibam.com.br\/excel\/blog\/#breadcrumb\",\"itemListElement\":[{\"@type\":\"ListItem\",\"position\":1,\"name\":\"In\u00edcio\",\"item\":\"https:\/\/saibam.com.br\/excel\/\"},{\"@type\":\"ListItem\",\"position\":2,\"name\":\"Blog\"}]},{\"@type\":\"WebSite\",\"@id\":\"https:\/\/saibam.com.br\/excel\/#website\",\"url\":\"https:\/\/saibam.com.br\/excel\/\",\"name\":\"Saibam\",\"description\":\"Excel Macros VBA\",\"potentialAction\":[{\"@type\":\"SearchAction\",\"target\":{\"@type\":\"EntryPoint\",\"urlTemplate\":\"https:\/\/saibam.com.br\/excel\/?s={search_term_string}\"},\"query-input\":{\"@type\":\"PropertyValueSpecification\",\"valueRequired\":true,\"valueName\":\"search_term_string\"}}],\"inLanguage\":\"pt-PT\"}]}<\/script>\n<!-- \/ Yoast SEO plugin. -->","yoast_head_json":{"title":"Blog - Saibam","description":"Bem-vindo \u00e0 nossa p\u00e1gina de Blog! Estamos entusiasmados para ouvir de voc\u00ea e ansiosos para ajudar com suas necessidades de programa\u00e7\u00e3o VBA. Se voc\u00ea tem perguntas, sugest\u00f5es, ou precisa de suporte personalizado.","robots":{"index":"index","follow":"follow","max-snippet":"max-snippet:-1","max-image-preview":"max-image-preview:large","max-video-preview":"max-video-preview:-1"},"canonical":"https:\/\/saibam.com.br\/excel\/blog\/","og_locale":"pt_PT","og_type":"article","og_title":"Blog - Saibam","og_description":"Bem-vindo \u00e0 nossa p\u00e1gina de Blog! Estamos entusiasmados para ouvir de voc\u00ea e ansiosos para ajudar com suas necessidades de programa\u00e7\u00e3o VBA. Se voc\u00ea tem perguntas, sugest\u00f5es, ou precisa de suporte personalizado.","og_url":"https:\/\/saibam.com.br\/excel\/blog\/","og_site_name":"Saibam","article_modified_time":"2023-10-12T23:22:26+00:00","twitter_card":"summary_large_image","twitter_misc":{"Tempo estimado de leitura":"1 minuto"},"schema":{"@context":"https:\/\/schema.org","@graph":[{"@type":"WebPage","@id":"https:\/\/saibam.com.br\/excel\/blog\/","url":"https:\/\/saibam.com.br\/excel\/blog\/","name":"Blog - Saibam","isPartOf":{"@id":"https:\/\/saibam.com.br\/excel\/#website"},"datePublished":"2023-10-12T23:13:14+00:00","dateModified":"2023-10-12T23:22:26+00:00","description":"Bem-vindo \u00e0 nossa p\u00e1gina de Blog! Estamos entusiasmados para ouvir de voc\u00ea e ansiosos para ajudar com suas necessidades de programa\u00e7\u00e3o VBA. Se voc\u00ea tem perguntas, sugest\u00f5es, ou precisa de suporte personalizado.","breadcrumb":{"@id":"https:\/\/saibam.com.br\/excel\/blog\/#breadcrumb"},"inLanguage":"pt-PT","potentialAction":[{"@type":"ReadAction","target":["https:\/\/saibam.com.br\/excel\/blog\/"]}]},{"@type":"BreadcrumbList","@id":"https:\/\/saibam.com.br\/excel\/blog\/#breadcrumb","itemListElement":[{"@type":"ListItem","position":1,"name":"In\u00edcio","item":"https:\/\/saibam.com.br\/excel\/"},{"@type":"ListItem","position":2,"name":"Blog"}]},{"@type":"WebSite","@id":"https:\/\/saibam.com.br\/excel\/#website","url":"https:\/\/saibam.com.br\/excel\/","name":"Saibam","description":"Excel Macros VBA","potentialAction":[{"@type":"SearchAction","target":{"@type":"EntryPoint","urlTemplate":"https:\/\/saibam.com.br\/excel\/?s={search_term_string}"},"query-input":{"@type":"PropertyValueSpecification","valueRequired":true,"valueName":"search_term_string"}}],"inLanguage":"pt-PT"}]}},"tpgb_featured_images":null,"tpgb_post_meta_info":{"get_date":"Outubro 12, 2023","get_modified_date":"Outubro 12, 2023","author_name":"admin","author_url":"https:\/\/saibam.com.br\/excel\/author\/admin-2\/","author_email":"admin@saibam.com.br","author_website":"https:\/\/saibam.com.br\/excel","author_description":"","author_facebook":"","author_twitter":"","author_instagram":"","author_role":["administrator"],"author_firstname":"","author_lastname":"","user_login":"Pizza","author_avatar":"<img alt='' src='https:\/\/secure.gravatar.com\/avatar\/814c3f56d09b0c5755ac3b2c200ae705288694cfce205a77aaa6142979dfe4aa?s=200&#038;d=mm&#038;r=g' srcset='https:\/\/secure.gravatar.com\/avatar\/814c3f56d09b0c5755ac3b2c200ae705288694cfce205a77aaa6142979dfe4aa?s=400&#038;d=mm&#038;r=g 2x' class='avatar avatar-200 photo' height='200' width='200' decoding='async'\/>","author_avatar_url":"https:\/\/secure.gravatar.com\/avatar\/814c3f56d09b0c5755ac3b2c200ae705288694cfce205a77aaa6142979dfe4aa?s=96&d=mm&r=g","comment_count":0,"post_likes":0,"post_views":0},"tpgb_post_category":[],"_links":{"self":[{"href":"https:\/\/saibam.com.br\/excel\/wp-json\/wp\/v2\/pages\/555","targetHints":{"allow":["GET"]}}],"collection":[{"href":"https:\/\/saibam.com.br\/excel\/wp-json\/wp\/v2\/pages"}],"about":[{"href":"https:\/\/saibam.com.br\/excel\/wp-json\/wp\/v2\/types\/page"}],"author":[{"embeddable":true,"href":"https:\/\/saibam.com.br\/excel\/wp-json\/wp\/v2\/users\/2"}],"replies":[{"embeddable":true,"href":"https:\/\/saibam.com.br\/excel\/wp-json\/wp\/v2\/comments?post=555"}],"version-history":[{"count":14,"href":"https:\/\/saibam.com.br\/excel\/wp-json\/wp\/v2\/pages\/555\/revisions"}],"predecessor-version":[{"id":1543,"href":"https:\/\/saibam.com.br\/excel\/wp-json\/wp\/v2\/pages\/555\/revisions\/1543"}],"wp:attachment":[{"href":"https:\/\/saibam.com.br\/excel\/wp-json\/wp\/v2\/media?parent=555"}],"curies":[{"name":"wp","href":"https:\/\/api.w.org\/{rel}","templated":true}]}}