{"id":252,"date":"2023-10-08T20:37:53","date_gmt":"2023-10-08T20:37:53","guid":{"rendered":"https:\/\/saibam.com.br\/excel\/?page_id=252"},"modified":"2023-10-08T20:49:23","modified_gmt":"2023-10-08T20:49:23","slug":"pesquisar-no-site","status":"publish","type":"page","link":"https:\/\/saibam.com.br\/excel\/pesquisar-no-site\/","title":{"rendered":"Pesquisar no Site"},"content":{"rendered":"<form role=\"search\" method=\"get\" action=\"https:\/\/saibam.com.br\/excel\/\" class=\"wp-block-search__button-outside wp-block-search__text-button wp-block-search\"    ><label class=\"wp-block-search__label\" for=\"wp-block-search__input-1\" >Pesquisar<\/label><div class=\"wp-block-search__inside-wrapper\" ><input class=\"wp-block-search__input\" id=\"wp-block-search__input-1\" placeholder=\"\" value=\"\" type=\"search\" name=\"s\" required \/><button aria-label=\"Pesquisar\" class=\"wp-block-search__button wp-element-button\" type=\"submit\" >Pesquisar<\/button><\/div><\/form>","protected":false},"excerpt":{"rendered":"","protected":false},"author":2,"featured_media":0,"parent":0,"menu_order":0,"comment_status":"closed","ping_status":"closed","template":"","meta":{"tpgb_global_settings":"","footnotes":""},"class_list":["post-252","page","type-page","status-publish","hentry"],"yoast_head":"<!-- This site is optimized with the Yoast SEO plugin v25.4 - https:\/\/yoast.com\/wordpress\/plugins\/seo\/ -->\n<title>Pesquisar no Site - Saibam<\/title>\n<meta name=\"description\" content=\"Bem-vindo ao nosso universo VBA! Somos uma equipe apaixonada por programa\u00e7\u00e3o VBA e estamos dedicados a ajudar voc\u00ea a dominar essa poderosa linguagem de automa\u00e7\u00e3o no Microsoft Excel e outras aplica\u00e7\u00f5es do Office.\" \/>\n<meta name=\"robots\" content=\"index, follow, max-snippet:-1, max-image-preview:large, max-video-preview:-1\" \/>\n<link rel=\"canonical\" href=\"https:\/\/saibam.com.br\/excel\/pesquisar-no-site\/\" \/>\n<meta property=\"og:locale\" content=\"pt_PT\" \/>\n<meta property=\"og:type\" content=\"article\" \/>\n<meta property=\"og:title\" content=\"Pesquisar no Site - Saibam\" \/>\n<meta property=\"og:description\" content=\"Bem-vindo ao nosso universo VBA! Somos uma equipe apaixonada por programa\u00e7\u00e3o VBA e estamos dedicados a ajudar voc\u00ea a dominar essa poderosa linguagem de automa\u00e7\u00e3o no Microsoft Excel e outras aplica\u00e7\u00f5es do Office.\" \/>\n<meta property=\"og:url\" content=\"https:\/\/saibam.com.br\/excel\/pesquisar-no-site\/\" \/>\n<meta property=\"og:site_name\" content=\"Saibam\" \/>\n<meta property=\"article:modified_time\" content=\"2023-10-08T20:49:23+00:00\" \/>\n<meta name=\"twitter:card\" content=\"summary_large_image\" \/>\n<script type=\"application\/ld+json\" class=\"yoast-schema-graph\">{\"@context\":\"https:\/\/schema.org\",\"@graph\":[{\"@type\":\"WebPage\",\"@id\":\"https:\/\/saibam.com.br\/excel\/pesquisar-no-site\/\",\"url\":\"https:\/\/saibam.com.br\/excel\/pesquisar-no-site\/\",\"name\":\"Pesquisar no Site - Saibam\",\"isPartOf\":{\"@id\":\"https:\/\/saibam.com.br\/excel\/#website\"},\"datePublished\":\"2023-10-08T20:37:53+00:00\",\"dateModified\":\"2023-10-08T20:49:23+00:00\",\"description\":\"Bem-vindo ao nosso universo VBA! Somos uma equipe apaixonada por programa\u00e7\u00e3o VBA e estamos dedicados a ajudar voc\u00ea a dominar essa poderosa linguagem de automa\u00e7\u00e3o no Microsoft Excel e outras aplica\u00e7\u00f5es do Office.\",\"breadcrumb\":{\"@id\":\"https:\/\/saibam.com.br\/excel\/pesquisar-no-site\/#breadcrumb\"},\"inLanguage\":\"pt-PT\",\"potentialAction\":[{\"@type\":\"ReadAction\",\"target\":[\"https:\/\/saibam.com.br\/excel\/pesquisar-no-site\/\"]}]},{\"@type\":\"BreadcrumbList\",\"@id\":\"https:\/\/saibam.com.br\/excel\/pesquisar-no-site\/#breadcrumb\",\"itemListElement\":[{\"@type\":\"ListItem\",\"position\":1,\"name\":\"In\u00edcio\",\"item\":\"https:\/\/saibam.com.br\/excel\/\"},{\"@type\":\"ListItem\",\"position\":2,\"name\":\"Pesquisar no Site\"}]},{\"@type\":\"WebSite\",\"@id\":\"https:\/\/saibam.com.br\/excel\/#website\",\"url\":\"https:\/\/saibam.com.br\/excel\/\",\"name\":\"Saibam\",\"description\":\"Excel Macros VBA\",\"potentialAction\":[{\"@type\":\"SearchAction\",\"target\":{\"@type\":\"EntryPoint\",\"urlTemplate\":\"https:\/\/saibam.com.br\/excel\/?s={search_term_string}\"},\"query-input\":{\"@type\":\"PropertyValueSpecification\",\"valueRequired\":true,\"valueName\":\"search_term_string\"}}],\"inLanguage\":\"pt-PT\"}]}<\/script>\n<!-- \/ Yoast SEO plugin. -->","yoast_head_json":{"title":"Pesquisar no Site - Saibam","description":"Bem-vindo ao nosso universo VBA! Somos uma equipe apaixonada por programa\u00e7\u00e3o VBA e estamos dedicados a ajudar voc\u00ea a dominar essa poderosa linguagem de automa\u00e7\u00e3o no Microsoft Excel e outras aplica\u00e7\u00f5es do Office.","robots":{"index":"index","follow":"follow","max-snippet":"max-snippet:-1","max-image-preview":"max-image-preview:large","max-video-preview":"max-video-preview:-1"},"canonical":"https:\/\/saibam.com.br\/excel\/pesquisar-no-site\/","og_locale":"pt_PT","og_type":"article","og_title":"Pesquisar no Site - Saibam","og_description":"Bem-vindo ao nosso universo VBA! Somos uma equipe apaixonada por programa\u00e7\u00e3o VBA e estamos dedicados a ajudar voc\u00ea a dominar essa poderosa linguagem de automa\u00e7\u00e3o no Microsoft Excel e outras aplica\u00e7\u00f5es do Office.","og_url":"https:\/\/saibam.com.br\/excel\/pesquisar-no-site\/","og_site_name":"Saibam","article_modified_time":"2023-10-08T20:49:23+00:00","twitter_card":"summary_large_image","schema":{"@context":"https:\/\/schema.org","@graph":[{"@type":"WebPage","@id":"https:\/\/saibam.com.br\/excel\/pesquisar-no-site\/","url":"https:\/\/saibam.com.br\/excel\/pesquisar-no-site\/","name":"Pesquisar no Site - Saibam","isPartOf":{"@id":"https:\/\/saibam.com.br\/excel\/#website"},"datePublished":"2023-10-08T20:37:53+00:00","dateModified":"2023-10-08T20:49:23+00:00","description":"Bem-vindo ao nosso universo VBA! Somos uma equipe apaixonada por programa\u00e7\u00e3o VBA e estamos dedicados a ajudar voc\u00ea a dominar essa poderosa linguagem de automa\u00e7\u00e3o no Microsoft Excel e outras aplica\u00e7\u00f5es do Office.","breadcrumb":{"@id":"https:\/\/saibam.com.br\/excel\/pesquisar-no-site\/#breadcrumb"},"inLanguage":"pt-PT","potentialAction":[{"@type":"ReadAction","target":["https:\/\/saibam.com.br\/excel\/pesquisar-no-site\/"]}]},{"@type":"BreadcrumbList","@id":"https:\/\/saibam.com.br\/excel\/pesquisar-no-site\/#breadcrumb","itemListElement":[{"@type":"ListItem","position":1,"name":"In\u00edcio","item":"https:\/\/saibam.com.br\/excel\/"},{"@type":"ListItem","position":2,"name":"Pesquisar no Site"}]},{"@type":"WebSite","@id":"https:\/\/saibam.com.br\/excel\/#website","url":"https:\/\/saibam.com.br\/excel\/","name":"Saibam","description":"Excel Macros VBA","potentialAction":[{"@type":"SearchAction","target":{"@type":"EntryPoint","urlTemplate":"https:\/\/saibam.com.br\/excel\/?s={search_term_string}"},"query-input":{"@type":"PropertyValueSpecification","valueRequired":true,"valueName":"search_term_string"}}],"inLanguage":"pt-PT"}]}},"tpgb_featured_images":null,"tpgb_post_meta_info":{"get_date":"Outubro 8, 2023","get_modified_date":"Outubro 8, 2023","author_name":"admin","author_url":"https:\/\/saibam.com.br\/excel\/author\/admin-2\/","author_email":"admin@saibam.com.br","author_website":"https:\/\/saibam.com.br\/excel","author_description":"","author_facebook":"","author_twitter":"","author_instagram":"","author_role":["administrator"],"author_firstname":"","author_lastname":"","user_login":"Pizza","author_avatar":"<img alt='' src='https:\/\/secure.gravatar.com\/avatar\/814c3f56d09b0c5755ac3b2c200ae705288694cfce205a77aaa6142979dfe4aa?s=200&#038;d=mm&#038;r=g' srcset='https:\/\/secure.gravatar.com\/avatar\/814c3f56d09b0c5755ac3b2c200ae705288694cfce205a77aaa6142979dfe4aa?s=400&#038;d=mm&#038;r=g 2x' class='avatar avatar-200 photo' height='200' width='200' decoding='async'\/>","author_avatar_url":"https:\/\/secure.gravatar.com\/avatar\/814c3f56d09b0c5755ac3b2c200ae705288694cfce205a77aaa6142979dfe4aa?s=96&d=mm&r=g","comment_count":0,"post_likes":0,"post_views":0},"tpgb_post_category":[],"_links":{"self":[{"href":"https:\/\/saibam.com.br\/excel\/wp-json\/wp\/v2\/pages\/252","targetHints":{"allow":["GET"]}}],"collection":[{"href":"https:\/\/saibam.com.br\/excel\/wp-json\/wp\/v2\/pages"}],"about":[{"href":"https:\/\/saibam.com.br\/excel\/wp-json\/wp\/v2\/types\/page"}],"author":[{"embeddable":true,"href":"https:\/\/saibam.com.br\/excel\/wp-json\/wp\/v2\/users\/2"}],"replies":[{"embeddable":true,"href":"https:\/\/saibam.com.br\/excel\/wp-json\/wp\/v2\/comments?post=252"}],"version-history":[{"count":10,"href":"https:\/\/saibam.com.br\/excel\/wp-json\/wp\/v2\/pages\/252\/revisions"}],"predecessor-version":[{"id":268,"href":"https:\/\/saibam.com.br\/excel\/wp-json\/wp\/v2\/pages\/252\/revisions\/268"}],"wp:attachment":[{"href":"https:\/\/saibam.com.br\/excel\/wp-json\/wp\/v2\/media?parent=252"}],"curies":[{"name":"wp","href":"https:\/\/api.w.org\/{rel}","templated":true}]}}