{"id":25,"date":"2023-10-08T00:09:25","date_gmt":"2023-10-08T00:09:25","guid":{"rendered":"https:\/\/saibam.com.br\/excel\/?page_id=25"},"modified":"2025-04-12T22:47:58","modified_gmt":"2025-04-12T22:47:58","slug":"home","status":"publish","type":"page","link":"https:\/\/saibam.com.br\/excel\/","title":{"rendered":"Home"},"content":{"rendered":"\t\t<div data-elementor-type=\"wp-page\" data-elementor-id=\"25\" class=\"elementor elementor-25\">\n\t\t\t\t<div class=\"elementor-element elementor-element-996ddbe e-flex e-con-boxed e-con e-parent\" data-id=\"996ddbe\" data-element_type=\"container\">\n\t\t\t\t\t<div class=\"e-con-inner\">\n\t\t\t\t<div class=\"elementor-element elementor-element-102c695 elementor-icon-list--layout-inline elementor-align-center elementor-list-item-link-full_width elementor-widget elementor-widget-icon-list\" data-id=\"102c695\" data-element_type=\"widget\" data-widget_type=\"icon-list.default\">\n\t\t\t\t<div class=\"elementor-widget-container\">\n\t\t\t\t\t\t\t<ul class=\"elementor-icon-list-items elementor-inline-items\">\n\t\t\t\t\t\t\t<li class=\"elementor-icon-list-item elementor-inline-item\">\n\t\t\t\t\t\t\t\t\t\t\t<a href=\"https:\/\/saibam.com.br\/\">\n\n\t\t\t\t\t\t\t\t\t\t\t\t<span class=\"elementor-icon-list-icon\">\n\t\t\t\t\t\t\t<i aria-hidden=\"true\" class=\"fas fa-home\"><\/i>\t\t\t\t\t\t<\/span>\n\t\t\t\t\t\t\t\t\t\t<span class=\"elementor-icon-list-text\">Home<\/span>\n\t\t\t\t\t\t\t\t\t\t\t<\/a>\n\t\t\t\t\t\t\t\t\t<\/li>\n\t\t\t\t\t\t\t\t<li class=\"elementor-icon-list-item elementor-inline-item\">\n\t\t\t\t\t\t\t\t\t\t\t<a href=\"https:\/\/saibam.com.br\/excel\/blog\">\n\n\t\t\t\t\t\t\t\t\t\t\t\t<span class=\"elementor-icon-list-icon\">\n\t\t\t\t\t\t\t<i aria-hidden=\"true\" class=\"fas fa-blog\"><\/i>\t\t\t\t\t\t<\/span>\n\t\t\t\t\t\t\t\t\t\t<span class=\"elementor-icon-list-text\">Blog<\/span>\n\t\t\t\t\t\t\t\t\t\t\t<\/a>\n\t\t\t\t\t\t\t\t\t<\/li>\n\t\t\t\t\t\t\t\t<li class=\"elementor-icon-list-item elementor-inline-item\">\n\t\t\t\t\t\t\t\t\t\t\t<a href=\"https:\/\/saibam.com.br\/excel\/contato\">\n\n\t\t\t\t\t\t\t\t\t\t\t\t<span class=\"elementor-icon-list-icon\">\n\t\t\t\t\t\t\t<i aria-hidden=\"true\" class=\"fab fa-contao\"><\/i>\t\t\t\t\t\t<\/span>\n\t\t\t\t\t\t\t\t\t\t<span class=\"elementor-icon-list-text\">Contato<\/span>\n\t\t\t\t\t\t\t\t\t\t\t<\/a>\n\t\t\t\t\t\t\t\t\t<\/li>\n\t\t\t\t\t\t\t\t<li class=\"elementor-icon-list-item elementor-inline-item\">\n\t\t\t\t\t\t\t\t\t\t\t<a href=\"https:\/\/saibam.com.br\/excel\/sobre\">\n\n\t\t\t\t\t\t\t\t\t\t\t\t<span class=\"elementor-icon-list-icon\">\n\t\t\t\t\t\t\t<i aria-hidden=\"true\" class=\"far fa-laugh\"><\/i>\t\t\t\t\t\t<\/span>\n\t\t\t\t\t\t\t\t\t\t<span class=\"elementor-icon-list-text\">Sobre<\/span>\n\t\t\t\t\t\t\t\t\t\t\t<\/a>\n\t\t\t\t\t\t\t\t\t<\/li>\n\t\t\t\t\t\t\t\t<li class=\"elementor-icon-list-item elementor-inline-item\">\n\t\t\t\t\t\t\t\t\t\t\t<a href=\"https:\/\/saibam.com.br\/excel\/pesquisar-no-site\/\">\n\n\t\t\t\t\t\t\t\t\t\t\t\t<span class=\"elementor-icon-list-icon\">\n\t\t\t\t\t\t\t<i aria-hidden=\"true\" class=\"fas fa-search\"><\/i>\t\t\t\t\t\t<\/span>\n\t\t\t\t\t\t\t\t\t\t<span class=\"elementor-icon-list-text\">Pesquisar<\/span>\n\t\t\t\t\t\t\t\t\t\t\t<\/a>\n\t\t\t\t\t\t\t\t\t<\/li>\n\t\t\t\t\t\t<\/ul>\n\t\t\t\t\t\t<\/div>\n\t\t\t\t<\/div>\n\t\t\t\t\t<\/div>\n\t\t\t\t<\/div>\n\t\t<div class=\"elementor-element elementor-element-8fc5000 e-flex e-con-boxed e-con e-parent\" data-id=\"8fc5000\" data-element_type=\"container\">\n\t\t\t\t\t<div class=\"e-con-inner\">\n\t\t<div class=\"elementor-element elementor-element-74b4773 e-con-full e-flex e-con e-child\" data-id=\"74b4773\" data-element_type=\"container\">\n\t\t\t\t<div class=\"elementor-element elementor-element-77e3e5c elementor-widget elementor-widget-image\" data-id=\"77e3e5c\" data-element_type=\"widget\" data-widget_type=\"image.default\">\n\t\t\t\t<div class=\"elementor-widget-container\">\n\t\t\t\t\t\t\t\t\t\t\t\t\t\t\t<img fetchpriority=\"high\" decoding=\"async\" width=\"275\" height=\"300\" src=\"https:\/\/saibam.com.br\/excel\/wp-content\/uploads\/2023\/10\/excel-275x300.png\" class=\"attachment-medium size-medium wp-image-521\" alt=\"\" srcset=\"https:\/\/saibam.com.br\/excel\/wp-content\/uploads\/2023\/10\/excel-275x300.png 275w, https:\/\/saibam.com.br\/excel\/wp-content\/uploads\/2023\/10\/excel-939x1024.png 939w, https:\/\/saibam.com.br\/excel\/wp-content\/uploads\/2023\/10\/excel-768x837.png 768w, https:\/\/saibam.com.br\/excel\/wp-content\/uploads\/2023\/10\/excel.png 1174w\" sizes=\"(max-width: 275px) 100vw, 275px\" \/>\t\t\t\t\t\t\t\t\t\t\t\t\t\t\t<\/div>\n\t\t\t\t<\/div>\n\t\t\t\t<\/div>\n\t\t<div class=\"elementor-element elementor-element-a9035aa e-con-full e-flex e-con e-child\" data-id=\"a9035aa\" data-element_type=\"container\">\n\t\t\t\t<div class=\"elementor-element elementor-element-6a1e71b elementor-widget elementor-widget-text-editor\" data-id=\"6a1e71b\" data-element_type=\"widget\" data-widget_type=\"text-editor.default\">\n\t\t\t\t<div class=\"elementor-widget-container\">\n\t\t\t\t\t\t\t\t\t<p style=\"text-align: left;\"><span style=\"font-family: Roboto, sans-serif; font-size: 16px; font-style: normal; font-weight: 300; text-align: center;\">Bem-vindo ao nosso site dedicado ao aprendizado de programa\u00e7\u00e3o VBA no Excel! Aqui, voc\u00ea encontrar\u00e1 recursos abrangentes para dominar a linguagem VBA e aprimorar suas habilidades no Excel.Nosso site \u00e9 o seu guia definitivo para aprender VBA, a linguagem de programa\u00e7\u00e3o poderosa do Excel.\nDesde os conceitos b\u00e1sicos at\u00e9 t\u00e9cnicas avan\u00e7adas, fornecemos tutoriais, exemplos pr\u00e1ticos e exerc\u00edcios para ajud\u00e1-lo a se tornar um mestre em automa\u00e7\u00e3o de planilhas.<\/span><span style=\"color: #333333; font-family: Roboto, sans-serif; font-size: 16px; font-style: normal; font-weight: 300; text-align: center;\">.<\/span><\/p>\t\t\t\t\t\t\t\t<\/div>\n\t\t\t\t<\/div>\n\t\t\t\t<\/div>\n\t\t\t\t\t<\/div>\n\t\t\t\t<\/div>\n\t\t<div class=\"elementor-element elementor-element-14bac87 e-flex e-con-boxed e-con e-parent\" data-id=\"14bac87\" data-element_type=\"container\">\n\t\t\t\t\t<div class=\"e-con-inner\">\n\t\t<div class=\"elementor-element elementor-element-21d8bb4 e-con-full e-flex e-con e-child\" data-id=\"21d8bb4\" data-element_type=\"container\">\n\t\t\t\t<div class=\"elementor-element elementor-element-c02f8ad elementor-widget elementor-widget-video\" data-id=\"c02f8ad\" data-element_type=\"widget\" data-settings=\"{&quot;youtube_url&quot;:&quot;https:\\\/\\\/youtu.be\\\/wCtsXK9sSe0&quot;,&quot;video_type&quot;:&quot;youtube&quot;,&quot;controls&quot;:&quot;yes&quot;}\" data-widget_type=\"video.default\">\n\t\t\t\t<div class=\"elementor-widget-container\">\n\t\t\t\t\t\t\t<div class=\"elementor-wrapper elementor-open-inline\">\n\t\t\t<div class=\"elementor-video\"><\/div>\t\t<\/div>\n\t\t\t\t\t\t<\/div>\n\t\t\t\t<\/div>\n\t\t\t\t<\/div>\n\t\t<div class=\"elementor-element elementor-element-78637c9 e-con-full e-flex e-con e-child\" data-id=\"78637c9\" data-element_type=\"container\">\n\t\t\t\t<div class=\"elementor-element elementor-element-73b0cdd elementor-widget elementor-widget-video\" data-id=\"73b0cdd\" data-element_type=\"widget\" data-settings=\"{&quot;youtube_url&quot;:&quot;https:\\\/\\\/youtu.be\\\/B1w3jzXxicQ&quot;,&quot;video_type&quot;:&quot;youtube&quot;,&quot;controls&quot;:&quot;yes&quot;}\" data-widget_type=\"video.default\">\n\t\t\t\t<div class=\"elementor-widget-container\">\n\t\t\t\t\t\t\t<div class=\"elementor-wrapper elementor-open-inline\">\n\t\t\t<div class=\"elementor-video\"><\/div>\t\t<\/div>\n\t\t\t\t\t\t<\/div>\n\t\t\t\t<\/div>\n\t\t\t\t<\/div>\n\t\t<div class=\"elementor-element elementor-element-00d078b e-con-full e-flex e-con e-child\" data-id=\"00d078b\" data-element_type=\"container\">\n\t\t\t\t<div class=\"elementor-element elementor-element-dc84061 elementor-widget elementor-widget-video\" data-id=\"dc84061\" data-element_type=\"widget\" data-settings=\"{&quot;youtube_url&quot;:&quot;https:\\\/\\\/youtu.be\\\/ZS6RCzxxZdQ&quot;,&quot;video_type&quot;:&quot;youtube&quot;,&quot;controls&quot;:&quot;yes&quot;}\" data-widget_type=\"video.default\">\n\t\t\t\t<div class=\"elementor-widget-container\">\n\t\t\t\t\t\t\t<div class=\"elementor-wrapper elementor-open-inline\">\n\t\t\t<div class=\"elementor-video\"><\/div>\t\t<\/div>\n\t\t\t\t\t\t<\/div>\n\t\t\t\t<\/div>\n\t\t\t\t<\/div>\n\t\t<div class=\"elementor-element elementor-element-b88fad8 e-con-full e-flex e-con e-child\" data-id=\"b88fad8\" data-element_type=\"container\">\n\t\t\t\t<div class=\"elementor-element elementor-element-6ea968e elementor-widget elementor-widget-video\" data-id=\"6ea968e\" data-element_type=\"widget\" data-settings=\"{&quot;youtube_url&quot;:&quot;https:\\\/\\\/youtu.be\\\/eE0y-7g-W2s&quot;,&quot;video_type&quot;:&quot;youtube&quot;,&quot;controls&quot;:&quot;yes&quot;}\" data-widget_type=\"video.default\">\n\t\t\t\t<div class=\"elementor-widget-container\">\n\t\t\t\t\t\t\t<div class=\"elementor-wrapper elementor-open-inline\">\n\t\t\t<div class=\"elementor-video\"><\/div>\t\t<\/div>\n\t\t\t\t\t\t<\/div>\n\t\t\t\t<\/div>\n\t\t\t\t<\/div>\n\t\t<div class=\"elementor-element elementor-element-b9f5b60 e-con-full e-flex e-con e-child\" data-id=\"b9f5b60\" data-element_type=\"container\">\n\t\t\t\t<div class=\"elementor-element elementor-element-26e60ea elementor-widget elementor-widget-video\" data-id=\"26e60ea\" data-element_type=\"widget\" data-settings=\"{&quot;youtube_url&quot;:&quot;https:\\\/\\\/youtu.be\\\/ZXAcxOnfii0&quot;,&quot;video_type&quot;:&quot;youtube&quot;,&quot;controls&quot;:&quot;yes&quot;}\" data-widget_type=\"video.default\">\n\t\t\t\t<div class=\"elementor-widget-container\">\n\t\t\t\t\t\t\t<div class=\"elementor-wrapper elementor-open-inline\">\n\t\t\t<div class=\"elementor-video\"><\/div>\t\t<\/div>\n\t\t\t\t\t\t<\/div>\n\t\t\t\t<\/div>\n\t\t\t\t<\/div>\n\t\t<div class=\"elementor-element elementor-element-825b030 e-con-full e-flex e-con e-child\" data-id=\"825b030\" data-element_type=\"container\">\n\t\t\t\t<div class=\"elementor-element elementor-element-2d5ea5b elementor-widget elementor-widget-video\" data-id=\"2d5ea5b\" data-element_type=\"widget\" data-settings=\"{&quot;youtube_url&quot;:&quot;https:\\\/\\\/youtu.be\\\/Xu2VB19TEoA&quot;,&quot;video_type&quot;:&quot;youtube&quot;,&quot;controls&quot;:&quot;yes&quot;}\" data-widget_type=\"video.default\">\n\t\t\t\t<div class=\"elementor-widget-container\">\n\t\t\t\t\t\t\t<div class=\"elementor-wrapper elementor-open-inline\">\n\t\t\t<div class=\"elementor-video\"><\/div>\t\t<\/div>\n\t\t\t\t\t\t<\/div>\n\t\t\t\t<\/div>\n\t\t\t\t<\/div>\n\t\t\t\t\t<\/div>\n\t\t\t\t<\/div>\n\t\t<div class=\"elementor-element elementor-element-d413036 e-flex e-con-boxed e-con e-parent\" data-id=\"d413036\" data-element_type=\"container\">\n\t\t\t\t\t<div class=\"e-con-inner\">\n\t\t<div class=\"elementor-element elementor-element-7aabc97 e-con-full e-flex e-con e-child\" data-id=\"7aabc97\" data-element_type=\"container\">\n\t\t\t\t<div class=\"elementor-element elementor-element-36e764a elementor-widget elementor-widget-text-editor\" data-id=\"36e764a\" data-element_type=\"widget\" data-widget_type=\"text-editor.default\">\n\t\t\t\t<div class=\"elementor-widget-container\">\n\t\t\t\t\t\t\t\t\t<p>Siga nossas redes sociais e fique por dentro de novas ferramentas e conte\u00fados exclusivos.<\/p>\t\t\t\t\t\t\t\t<\/div>\n\t\t\t\t<\/div>\n\t\t\t\t<\/div>\n\t\t<div class=\"elementor-element elementor-element-821ae98 e-con-full e-flex e-con e-child\" data-id=\"821ae98\" data-element_type=\"container\">\n\t\t\t\t<div class=\"elementor-element elementor-element-0d8c2f9 elementor-shape-rounded elementor-grid-0 e-grid-align-center elementor-widget elementor-widget-social-icons\" data-id=\"0d8c2f9\" data-element_type=\"widget\" data-widget_type=\"social-icons.default\">\n\t\t\t\t<div class=\"elementor-widget-container\">\n\t\t\t\t\t\t\t<div class=\"elementor-social-icons-wrapper elementor-grid\" role=\"list\">\n\t\t\t\t\t\t\t<span class=\"elementor-grid-item\" role=\"listitem\">\n\t\t\t\t\t<a class=\"elementor-icon elementor-social-icon elementor-social-icon-facebook elementor-repeater-item-1d7f08b\" target=\"_blank\">\n\t\t\t\t\t\t<span class=\"elementor-screen-only\">Facebook<\/span>\n\t\t\t\t\t\t<i class=\"fab fa-facebook\"><\/i>\t\t\t\t\t<\/a>\n\t\t\t\t<\/span>\n\t\t\t\t\t\t\t<span class=\"elementor-grid-item\" role=\"listitem\">\n\t\t\t\t\t<a class=\"elementor-icon elementor-social-icon elementor-social-icon-twitter elementor-repeater-item-99c5911\" target=\"_blank\">\n\t\t\t\t\t\t<span class=\"elementor-screen-only\">Twitter<\/span>\n\t\t\t\t\t\t<i class=\"fab fa-twitter\"><\/i>\t\t\t\t\t<\/a>\n\t\t\t\t<\/span>\n\t\t\t\t\t\t\t<span class=\"elementor-grid-item\" role=\"listitem\">\n\t\t\t\t\t<a class=\"elementor-icon elementor-social-icon elementor-social-icon-youtube elementor-repeater-item-99b5d63\" target=\"_blank\">\n\t\t\t\t\t\t<span class=\"elementor-screen-only\">Youtube<\/span>\n\t\t\t\t\t\t<i class=\"fab fa-youtube\"><\/i>\t\t\t\t\t<\/a>\n\t\t\t\t<\/span>\n\t\t\t\t\t<\/div>\n\t\t\t\t\t\t<\/div>\n\t\t\t\t<\/div>\n\t\t\t\t<\/div>\n\t\t\t\t\t<\/div>\n\t\t\t\t<\/div>\n\t\t\t\t<\/div>\n\t\t","protected":false},"excerpt":{"rendered":"<p>Home Blog Contato Sobre Pesquisar Bem-vindo ao nosso site dedicado ao aprendizado de programa\u00e7\u00e3o VBA no Excel! Aqui, voc\u00ea encontrar\u00e1 recursos abrangentes para dominar a linguagem VBA e aprimorar suas habilidades no Excel.Nosso site \u00e9 o seu guia definitivo para aprender VBA, a linguagem de programa\u00e7\u00e3o poderosa do Excel. Desde os conceitos b\u00e1sicos at\u00e9 t\u00e9cnicas &hellip; <a href=\"https:\/\/saibam.com.br\/excel\/\" class=\"more-link\">Continue reading <span class=\"screen-reader-text\">Home<\/span><\/a><\/p>\n","protected":false},"author":2,"featured_media":0,"parent":0,"menu_order":0,"comment_status":"closed","ping_status":"closed","template":"","meta":{"tpgb_global_settings":"","footnotes":""},"class_list":["post-25","page","type-page","status-publish","hentry"],"yoast_head":"<!-- This site is optimized with the Yoast SEO plugin v25.4 - https:\/\/yoast.com\/wordpress\/plugins\/seo\/ -->\n<title>Home - Saibam<\/title>\n<meta name=\"robots\" content=\"index, follow, max-snippet:-1, max-image-preview:large, max-video-preview:-1\" \/>\n<link rel=\"canonical\" href=\"https:\/\/saibam.com.br\/excel\/\" \/>\n<meta property=\"og:locale\" content=\"pt_PT\" \/>\n<meta property=\"og:type\" content=\"article\" \/>\n<meta property=\"og:title\" content=\"Home - Saibam\" \/>\n<meta property=\"og:description\" content=\"Home Blog Contato Sobre Pesquisar Bem-vindo ao nosso site dedicado ao aprendizado de programa\u00e7\u00e3o VBA no Excel! Aqui, voc\u00ea encontrar\u00e1 recursos abrangentes para dominar a linguagem VBA e aprimorar suas habilidades no Excel.Nosso site \u00e9 o seu guia definitivo para aprender VBA, a linguagem de programa\u00e7\u00e3o poderosa do Excel. Desde os conceitos b\u00e1sicos at\u00e9 t\u00e9cnicas &hellip; Continue reading Home\" \/>\n<meta property=\"og:url\" content=\"https:\/\/saibam.com.br\/excel\/\" \/>\n<meta property=\"og:site_name\" content=\"Saibam\" \/>\n<meta property=\"article:modified_time\" content=\"2025-04-12T22:47:58+00:00\" \/>\n<meta property=\"og:image\" content=\"https:\/\/saibam.com.br\/excel\/wp-content\/uploads\/2023\/10\/excel.png\" \/>\n\t<meta property=\"og:image:width\" content=\"1174\" \/>\n\t<meta property=\"og:image:height\" content=\"1280\" \/>\n\t<meta property=\"og:image:type\" content=\"image\/png\" \/>\n<meta name=\"twitter:card\" content=\"summary_large_image\" \/>\n<meta name=\"twitter:label1\" content=\"Tempo estimado de leitura\" \/>\n\t<meta name=\"twitter:data1\" content=\"1 minuto\" \/>\n<script type=\"application\/ld+json\" class=\"yoast-schema-graph\">{\"@context\":\"https:\/\/schema.org\",\"@graph\":[{\"@type\":\"WebPage\",\"@id\":\"https:\/\/saibam.com.br\/excel\/\",\"url\":\"https:\/\/saibam.com.br\/excel\/\",\"name\":\"Home - Saibam\",\"isPartOf\":{\"@id\":\"https:\/\/saibam.com.br\/excel\/#website\"},\"primaryImageOfPage\":{\"@id\":\"https:\/\/saibam.com.br\/excel\/#primaryimage\"},\"image\":{\"@id\":\"https:\/\/saibam.com.br\/excel\/#primaryimage\"},\"thumbnailUrl\":\"https:\/\/saibam.com.br\/excel\/wp-content\/uploads\/2023\/10\/excel-275x300.png\",\"datePublished\":\"2023-10-08T00:09:25+00:00\",\"dateModified\":\"2025-04-12T22:47:58+00:00\",\"breadcrumb\":{\"@id\":\"https:\/\/saibam.com.br\/excel\/#breadcrumb\"},\"inLanguage\":\"pt-PT\",\"potentialAction\":[{\"@type\":\"ReadAction\",\"target\":[\"https:\/\/saibam.com.br\/excel\/\"]}]},{\"@type\":\"ImageObject\",\"inLanguage\":\"pt-PT\",\"@id\":\"https:\/\/saibam.com.br\/excel\/#primaryimage\",\"url\":\"https:\/\/saibam.com.br\/excel\/wp-content\/uploads\/2023\/10\/excel.png\",\"contentUrl\":\"https:\/\/saibam.com.br\/excel\/wp-content\/uploads\/2023\/10\/excel.png\",\"width\":1174,\"height\":1280},{\"@type\":\"BreadcrumbList\",\"@id\":\"https:\/\/saibam.com.br\/excel\/#breadcrumb\",\"itemListElement\":[{\"@type\":\"ListItem\",\"position\":1,\"name\":\"In\u00edcio\",\"item\":\"https:\/\/saibam.com.br\/excel\/\"},{\"@type\":\"ListItem\",\"position\":2,\"name\":\"Home\"}]},{\"@type\":\"WebSite\",\"@id\":\"https:\/\/saibam.com.br\/excel\/#website\",\"url\":\"https:\/\/saibam.com.br\/excel\/\",\"name\":\"Saibam\",\"description\":\"Excel Macros VBA\",\"potentialAction\":[{\"@type\":\"SearchAction\",\"target\":{\"@type\":\"EntryPoint\",\"urlTemplate\":\"https:\/\/saibam.com.br\/excel\/?s={search_term_string}\"},\"query-input\":{\"@type\":\"PropertyValueSpecification\",\"valueRequired\":true,\"valueName\":\"search_term_string\"}}],\"inLanguage\":\"pt-PT\"}]}<\/script>\n<!-- \/ Yoast SEO plugin. -->","yoast_head_json":{"title":"Home - Saibam","robots":{"index":"index","follow":"follow","max-snippet":"max-snippet:-1","max-image-preview":"max-image-preview:large","max-video-preview":"max-video-preview:-1"},"canonical":"https:\/\/saibam.com.br\/excel\/","og_locale":"pt_PT","og_type":"article","og_title":"Home - Saibam","og_description":"Home Blog Contato Sobre Pesquisar Bem-vindo ao nosso site dedicado ao aprendizado de programa\u00e7\u00e3o VBA no Excel! Aqui, voc\u00ea encontrar\u00e1 recursos abrangentes para dominar a linguagem VBA e aprimorar suas habilidades no Excel.Nosso site \u00e9 o seu guia definitivo para aprender VBA, a linguagem de programa\u00e7\u00e3o poderosa do Excel. Desde os conceitos b\u00e1sicos at\u00e9 t\u00e9cnicas &hellip; Continue reading Home","og_url":"https:\/\/saibam.com.br\/excel\/","og_site_name":"Saibam","article_modified_time":"2025-04-12T22:47:58+00:00","og_image":[{"width":1174,"height":1280,"url":"https:\/\/saibam.com.br\/excel\/wp-content\/uploads\/2023\/10\/excel.png","type":"image\/png"}],"twitter_card":"summary_large_image","twitter_misc":{"Tempo estimado de leitura":"1 minuto"},"schema":{"@context":"https:\/\/schema.org","@graph":[{"@type":"WebPage","@id":"https:\/\/saibam.com.br\/excel\/","url":"https:\/\/saibam.com.br\/excel\/","name":"Home - Saibam","isPartOf":{"@id":"https:\/\/saibam.com.br\/excel\/#website"},"primaryImageOfPage":{"@id":"https:\/\/saibam.com.br\/excel\/#primaryimage"},"image":{"@id":"https:\/\/saibam.com.br\/excel\/#primaryimage"},"thumbnailUrl":"https:\/\/saibam.com.br\/excel\/wp-content\/uploads\/2023\/10\/excel-275x300.png","datePublished":"2023-10-08T00:09:25+00:00","dateModified":"2025-04-12T22:47:58+00:00","breadcrumb":{"@id":"https:\/\/saibam.com.br\/excel\/#breadcrumb"},"inLanguage":"pt-PT","potentialAction":[{"@type":"ReadAction","target":["https:\/\/saibam.com.br\/excel\/"]}]},{"@type":"ImageObject","inLanguage":"pt-PT","@id":"https:\/\/saibam.com.br\/excel\/#primaryimage","url":"https:\/\/saibam.com.br\/excel\/wp-content\/uploads\/2023\/10\/excel.png","contentUrl":"https:\/\/saibam.com.br\/excel\/wp-content\/uploads\/2023\/10\/excel.png","width":1174,"height":1280},{"@type":"BreadcrumbList","@id":"https:\/\/saibam.com.br\/excel\/#breadcrumb","itemListElement":[{"@type":"ListItem","position":1,"name":"In\u00edcio","item":"https:\/\/saibam.com.br\/excel\/"},{"@type":"ListItem","position":2,"name":"Home"}]},{"@type":"WebSite","@id":"https:\/\/saibam.com.br\/excel\/#website","url":"https:\/\/saibam.com.br\/excel\/","name":"Saibam","description":"Excel Macros VBA","potentialAction":[{"@type":"SearchAction","target":{"@type":"EntryPoint","urlTemplate":"https:\/\/saibam.com.br\/excel\/?s={search_term_string}"},"query-input":{"@type":"PropertyValueSpecification","valueRequired":true,"valueName":"search_term_string"}}],"inLanguage":"pt-PT"}]}},"tpgb_featured_images":null,"tpgb_post_meta_info":{"get_date":"Outubro 8, 2023","get_modified_date":"Abril 12, 2025","author_name":"admin","author_url":"https:\/\/saibam.com.br\/excel\/author\/admin-2\/","author_email":"admin@saibam.com.br","author_website":"https:\/\/saibam.com.br\/excel","author_description":"","author_facebook":"","author_twitter":"","author_instagram":"","author_role":["administrator"],"author_firstname":"","author_lastname":"","user_login":"Pizza","author_avatar":"<img alt='' src='https:\/\/secure.gravatar.com\/avatar\/814c3f56d09b0c5755ac3b2c200ae705288694cfce205a77aaa6142979dfe4aa?s=200&#038;d=mm&#038;r=g' srcset='https:\/\/secure.gravatar.com\/avatar\/814c3f56d09b0c5755ac3b2c200ae705288694cfce205a77aaa6142979dfe4aa?s=400&#038;d=mm&#038;r=g 2x' class='avatar avatar-200 photo' height='200' width='200' decoding='async'\/>","author_avatar_url":"https:\/\/secure.gravatar.com\/avatar\/814c3f56d09b0c5755ac3b2c200ae705288694cfce205a77aaa6142979dfe4aa?s=96&d=mm&r=g","comment_count":0,"post_likes":0,"post_views":0},"tpgb_post_category":[],"_links":{"self":[{"href":"https:\/\/saibam.com.br\/excel\/wp-json\/wp\/v2\/pages\/25","targetHints":{"allow":["GET"]}}],"collection":[{"href":"https:\/\/saibam.com.br\/excel\/wp-json\/wp\/v2\/pages"}],"about":[{"href":"https:\/\/saibam.com.br\/excel\/wp-json\/wp\/v2\/types\/page"}],"author":[{"embeddable":true,"href":"https:\/\/saibam.com.br\/excel\/wp-json\/wp\/v2\/users\/2"}],"replies":[{"embeddable":true,"href":"https:\/\/saibam.com.br\/excel\/wp-json\/wp\/v2\/comments?post=25"}],"version-history":[{"count":41,"href":"https:\/\/saibam.com.br\/excel\/wp-json\/wp\/v2\/pages\/25\/revisions"}],"predecessor-version":[{"id":2029,"href":"https:\/\/saibam.com.br\/excel\/wp-json\/wp\/v2\/pages\/25\/revisions\/2029"}],"wp:attachment":[{"href":"https:\/\/saibam.com.br\/excel\/wp-json\/wp\/v2\/media?parent=25"}],"curies":[{"name":"wp","href":"https:\/\/api.w.org\/{rel}","templated":true}]}}