{"id":15,"date":"2023-10-07T23:56:22","date_gmt":"2023-10-07T23:56:22","guid":{"rendered":"https:\/\/saibam.com.br\/excel\/?page_id=15"},"modified":"2023-10-12T23:11:09","modified_gmt":"2023-10-12T23:11:09","slug":"contato","status":"publish","type":"page","link":"https:\/\/saibam.com.br\/excel\/contato\/","title":{"rendered":"Contato"},"content":{"rendered":"\t\t<div data-elementor-type=\"wp-page\" data-elementor-id=\"15\" class=\"elementor elementor-15\">\n\t\t\t\t<div class=\"elementor-element elementor-element-7fc2c74 e-flex e-con-boxed e-con e-parent\" data-id=\"7fc2c74\" data-element_type=\"container\">\n\t\t\t\t\t<div class=\"e-con-inner\">\n\t\t\t\t<div class=\"elementor-element elementor-element-4443d2e elementor-icon-list--layout-inline elementor-align-center elementor-list-item-link-full_width elementor-widget elementor-widget-icon-list\" data-id=\"4443d2e\" data-element_type=\"widget\" data-widget_type=\"icon-list.default\">\n\t\t\t\t<div class=\"elementor-widget-container\">\n\t\t\t\t\t\t\t<ul class=\"elementor-icon-list-items elementor-inline-items\">\n\t\t\t\t\t\t\t<li class=\"elementor-icon-list-item elementor-inline-item\">\n\t\t\t\t\t\t\t\t\t\t\t<a href=\"https:\/\/saibam.com.br\/\">\n\n\t\t\t\t\t\t\t\t\t\t\t\t<span class=\"elementor-icon-list-icon\">\n\t\t\t\t\t\t\t<i aria-hidden=\"true\" class=\"fas fa-home\"><\/i>\t\t\t\t\t\t<\/span>\n\t\t\t\t\t\t\t\t\t\t<span class=\"elementor-icon-list-text\">Home<\/span>\n\t\t\t\t\t\t\t\t\t\t\t<\/a>\n\t\t\t\t\t\t\t\t\t<\/li>\n\t\t\t\t\t\t\t\t<li class=\"elementor-icon-list-item elementor-inline-item\">\n\t\t\t\t\t\t\t\t\t\t\t<a href=\"https:\/\/saibam.com.br\/excel\/blog\">\n\n\t\t\t\t\t\t\t\t\t\t\t\t<span class=\"elementor-icon-list-icon\">\n\t\t\t\t\t\t\t<i aria-hidden=\"true\" class=\"fas fa-blog\"><\/i>\t\t\t\t\t\t<\/span>\n\t\t\t\t\t\t\t\t\t\t<span class=\"elementor-icon-list-text\">Blog<\/span>\n\t\t\t\t\t\t\t\t\t\t\t<\/a>\n\t\t\t\t\t\t\t\t\t<\/li>\n\t\t\t\t\t\t\t\t<li class=\"elementor-icon-list-item elementor-inline-item\">\n\t\t\t\t\t\t\t\t\t\t\t<a href=\"https:\/\/saibam.com.br\/excel\/contato\">\n\n\t\t\t\t\t\t\t\t\t\t\t\t<span class=\"elementor-icon-list-icon\">\n\t\t\t\t\t\t\t<i aria-hidden=\"true\" class=\"fab fa-contao\"><\/i>\t\t\t\t\t\t<\/span>\n\t\t\t\t\t\t\t\t\t\t<span class=\"elementor-icon-list-text\">Contato<\/span>\n\t\t\t\t\t\t\t\t\t\t\t<\/a>\n\t\t\t\t\t\t\t\t\t<\/li>\n\t\t\t\t\t\t\t\t<li class=\"elementor-icon-list-item elementor-inline-item\">\n\t\t\t\t\t\t\t\t\t\t\t<a href=\"https:\/\/saibam.com.br\/excel\/sobre\">\n\n\t\t\t\t\t\t\t\t\t\t\t\t<span class=\"elementor-icon-list-icon\">\n\t\t\t\t\t\t\t<i aria-hidden=\"true\" class=\"far fa-laugh\"><\/i>\t\t\t\t\t\t<\/span>\n\t\t\t\t\t\t\t\t\t\t<span class=\"elementor-icon-list-text\">Sobre<\/span>\n\t\t\t\t\t\t\t\t\t\t\t<\/a>\n\t\t\t\t\t\t\t\t\t<\/li>\n\t\t\t\t\t\t\t\t<li class=\"elementor-icon-list-item elementor-inline-item\">\n\t\t\t\t\t\t\t\t\t\t\t<a href=\"https:\/\/saibam.com.br\/excel\/pesquisar-no-site\/\">\n\n\t\t\t\t\t\t\t\t\t\t\t\t<span class=\"elementor-icon-list-icon\">\n\t\t\t\t\t\t\t<i aria-hidden=\"true\" class=\"fas fa-search\"><\/i>\t\t\t\t\t\t<\/span>\n\t\t\t\t\t\t\t\t\t\t<span class=\"elementor-icon-list-text\">Pesquisar<\/span>\n\t\t\t\t\t\t\t\t\t\t\t<\/a>\n\t\t\t\t\t\t\t\t\t<\/li>\n\t\t\t\t\t\t<\/ul>\n\t\t\t\t\t\t<\/div>\n\t\t\t\t<\/div>\n\t\t\t\t\t<\/div>\n\t\t\t\t<\/div>\n\t\t<div class=\"elementor-element elementor-element-eca51ff e-flex e-con-boxed e-con e-parent\" data-id=\"eca51ff\" data-element_type=\"container\">\n\t\t\t\t\t<div class=\"e-con-inner\">\n\t\t\t\t<div class=\"elementor-element elementor-element-69e46261 elementor-widget elementor-widget-text-editor\" data-id=\"69e46261\" data-element_type=\"widget\" data-widget_type=\"text-editor.default\">\n\t\t\t\t<div class=\"elementor-widget-container\">\n\t\t\t\t\t\t\t\t\t<p><\/p>\n<p><strong>Contate-nos<\/strong><\/p>\n<p><\/p>\n<p><\/p>\n<p>Bem-vindo \u00e0 nossa p\u00e1gina de contato! Estamos entusiasmados para ouvir de voc\u00ea e ansiosos para ajudar com suas necessidades de programa\u00e7\u00e3o VBA. Se voc\u00ea tem perguntas, sugest\u00f5es, ou precisa de suporte personalizado, por favor, n\u00e3o hesite em entrar em contato conosco.<\/p>\n<p><\/p>\n<p><\/p>\n<p><strong>Como nos contatar:<\/strong><\/p>\n<p><\/p>\n<p><\/p>\n<ul class=\"wp-block-list\">\n<li style=\"list-style-type: none;\">\n<ul><\/ul>\n<\/li>\n<\/ul>\n<p>\u00a0<\/p>\n<ul>\n<li style=\"list-style-type: none;\">\n<ul>\n<li><strong>Email:<\/strong> <a href=\"mailto:sho@gmail.com\">apgosoft@gmail.com<\/a><\/li>\n<\/ul>\n<\/li>\n<\/ul>\n<p><\/p>\n<p><\/p>\n<ul>\n<li style=\"list-style-type: none;\">\n<ul>\n<li><strong>Envie e-mail :<\/strong>\u00a0Entre em contato via e-mail, que vamos responder o mais breve poss\u00edvel.<\/li>\n<\/ul>\n<\/li>\n<\/ul>\n<p><\/p>\n<p><\/p>\n<ul>\n<li style=\"list-style-type: none;\">\n<ul>\n<li><strong>Redes Sociais:<\/strong> Siga-nos no <a href=\"https:\/\/chat.openai.com\/c\/link_facebook\">Facebook<\/a> e <a href=\"https:\/\/chat.openai.com\/c\/link_twitter\">Twitter<\/a> para atualiza\u00e7\u00f5es e dicas \u00fateis.<\/li>\n<\/ul>\n<\/li>\n<\/ul>\n<p><\/p>\n<p><\/p>\n<p><\/p>\n<p><strong>Hor\u00e1rio de Atendimento:<\/strong><\/p>\n<p><\/p>\n<p><\/p>\n<p>Estamos dispon\u00edveis para ajudar de segunda a sexta, das 9h \u00e0s 18h. Ficamos ansiosos para trabalhar com voc\u00ea e transformar suas ideias em realidade com VBA!<\/p>\n<p><\/p>\t\t\t\t\t\t\t\t<\/div>\n\t\t\t\t<\/div>\n\t\t\t\t\t<\/div>\n\t\t\t\t<\/div>\n\t\t\t\t<\/div>\n\t\t","protected":false},"excerpt":{"rendered":"<p>Home Blog Contato Sobre Pesquisar Contate-nos Bem-vindo \u00e0 nossa p\u00e1gina de contato! Estamos entusiasmados para ouvir de voc\u00ea e ansiosos para ajudar com suas necessidades de programa\u00e7\u00e3o VBA. Se voc\u00ea tem perguntas, sugest\u00f5es, ou precisa de suporte personalizado, por favor, n\u00e3o hesite em entrar em contato conosco. Como nos contatar: Hor\u00e1rio de Atendimento: Estamos dispon\u00edveis &hellip; <a href=\"https:\/\/saibam.com.br\/excel\/contato\/\" class=\"more-link\">Continue reading <span class=\"screen-reader-text\">Contato<\/span><\/a><\/p>\n","protected":false},"author":2,"featured_media":0,"parent":0,"menu_order":0,"comment_status":"closed","ping_status":"closed","template":"","meta":{"tpgb_global_settings":"","footnotes":""},"class_list":["post-15","page","type-page","status-publish","hentry"],"yoast_head":"<!-- This site is optimized with the Yoast SEO plugin v25.4 - https:\/\/yoast.com\/wordpress\/plugins\/seo\/ -->\n<title>Contato - Saibam<\/title>\n<meta name=\"description\" content=\"Bem-vindo \u00e0 nossa p\u00e1gina de contato! Estamos entusiasmados para ouvir de voc\u00ea e ansiosos para ajudar com suas necessidades de programa\u00e7\u00e3o VBA. Se voc\u00ea tem perguntas, sugest\u00f5es, ou precisa de suporte personalizado, por favor, n\u00e3o hesite em entrar em contato conosco.\" \/>\n<meta name=\"robots\" content=\"index, follow, max-snippet:-1, max-image-preview:large, max-video-preview:-1\" \/>\n<link rel=\"canonical\" href=\"https:\/\/saibam.com.br\/excel\/contato\/\" \/>\n<meta property=\"og:locale\" content=\"pt_PT\" \/>\n<meta property=\"og:type\" content=\"article\" \/>\n<meta property=\"og:title\" content=\"Contato - Saibam\" \/>\n<meta property=\"og:description\" content=\"Bem-vindo \u00e0 nossa p\u00e1gina de contato! Estamos entusiasmados para ouvir de voc\u00ea e ansiosos para ajudar com suas necessidades de programa\u00e7\u00e3o VBA. Se voc\u00ea tem perguntas, sugest\u00f5es, ou precisa de suporte personalizado, por favor, n\u00e3o hesite em entrar em contato conosco.\" \/>\n<meta property=\"og:url\" content=\"https:\/\/saibam.com.br\/excel\/contato\/\" \/>\n<meta property=\"og:site_name\" content=\"Saibam\" \/>\n<meta property=\"article:modified_time\" content=\"2023-10-12T23:11:09+00:00\" \/>\n<meta name=\"twitter:card\" content=\"summary_large_image\" \/>\n<meta name=\"twitter:label1\" content=\"Tempo estimado de leitura\" \/>\n\t<meta name=\"twitter:data1\" content=\"1 minuto\" \/>\n<script type=\"application\/ld+json\" class=\"yoast-schema-graph\">{\"@context\":\"https:\/\/schema.org\",\"@graph\":[{\"@type\":\"WebPage\",\"@id\":\"https:\/\/saibam.com.br\/excel\/contato\/\",\"url\":\"https:\/\/saibam.com.br\/excel\/contato\/\",\"name\":\"Contato - Saibam\",\"isPartOf\":{\"@id\":\"https:\/\/saibam.com.br\/excel\/#website\"},\"datePublished\":\"2023-10-07T23:56:22+00:00\",\"dateModified\":\"2023-10-12T23:11:09+00:00\",\"description\":\"Bem-vindo \u00e0 nossa p\u00e1gina de contato! Estamos entusiasmados para ouvir de voc\u00ea e ansiosos para ajudar com suas necessidades de programa\u00e7\u00e3o VBA. Se voc\u00ea tem perguntas, sugest\u00f5es, ou precisa de suporte personalizado, por favor, n\u00e3o hesite em entrar em contato conosco.\",\"breadcrumb\":{\"@id\":\"https:\/\/saibam.com.br\/excel\/contato\/#breadcrumb\"},\"inLanguage\":\"pt-PT\",\"potentialAction\":[{\"@type\":\"ReadAction\",\"target\":[\"https:\/\/saibam.com.br\/excel\/contato\/\"]}]},{\"@type\":\"BreadcrumbList\",\"@id\":\"https:\/\/saibam.com.br\/excel\/contato\/#breadcrumb\",\"itemListElement\":[{\"@type\":\"ListItem\",\"position\":1,\"name\":\"In\u00edcio\",\"item\":\"https:\/\/saibam.com.br\/excel\/\"},{\"@type\":\"ListItem\",\"position\":2,\"name\":\"Contato\"}]},{\"@type\":\"WebSite\",\"@id\":\"https:\/\/saibam.com.br\/excel\/#website\",\"url\":\"https:\/\/saibam.com.br\/excel\/\",\"name\":\"Saibam\",\"description\":\"Excel Macros VBA\",\"potentialAction\":[{\"@type\":\"SearchAction\",\"target\":{\"@type\":\"EntryPoint\",\"urlTemplate\":\"https:\/\/saibam.com.br\/excel\/?s={search_term_string}\"},\"query-input\":{\"@type\":\"PropertyValueSpecification\",\"valueRequired\":true,\"valueName\":\"search_term_string\"}}],\"inLanguage\":\"pt-PT\"}]}<\/script>\n<!-- \/ Yoast SEO plugin. -->","yoast_head_json":{"title":"Contato - Saibam","description":"Bem-vindo \u00e0 nossa p\u00e1gina de contato! Estamos entusiasmados para ouvir de voc\u00ea e ansiosos para ajudar com suas necessidades de programa\u00e7\u00e3o VBA. Se voc\u00ea tem perguntas, sugest\u00f5es, ou precisa de suporte personalizado, por favor, n\u00e3o hesite em entrar em contato conosco.","robots":{"index":"index","follow":"follow","max-snippet":"max-snippet:-1","max-image-preview":"max-image-preview:large","max-video-preview":"max-video-preview:-1"},"canonical":"https:\/\/saibam.com.br\/excel\/contato\/","og_locale":"pt_PT","og_type":"article","og_title":"Contato - Saibam","og_description":"Bem-vindo \u00e0 nossa p\u00e1gina de contato! Estamos entusiasmados para ouvir de voc\u00ea e ansiosos para ajudar com suas necessidades de programa\u00e7\u00e3o VBA. Se voc\u00ea tem perguntas, sugest\u00f5es, ou precisa de suporte personalizado, por favor, n\u00e3o hesite em entrar em contato conosco.","og_url":"https:\/\/saibam.com.br\/excel\/contato\/","og_site_name":"Saibam","article_modified_time":"2023-10-12T23:11:09+00:00","twitter_card":"summary_large_image","twitter_misc":{"Tempo estimado de leitura":"1 minuto"},"schema":{"@context":"https:\/\/schema.org","@graph":[{"@type":"WebPage","@id":"https:\/\/saibam.com.br\/excel\/contato\/","url":"https:\/\/saibam.com.br\/excel\/contato\/","name":"Contato - Saibam","isPartOf":{"@id":"https:\/\/saibam.com.br\/excel\/#website"},"datePublished":"2023-10-07T23:56:22+00:00","dateModified":"2023-10-12T23:11:09+00:00","description":"Bem-vindo \u00e0 nossa p\u00e1gina de contato! Estamos entusiasmados para ouvir de voc\u00ea e ansiosos para ajudar com suas necessidades de programa\u00e7\u00e3o VBA. Se voc\u00ea tem perguntas, sugest\u00f5es, ou precisa de suporte personalizado, por favor, n\u00e3o hesite em entrar em contato conosco.","breadcrumb":{"@id":"https:\/\/saibam.com.br\/excel\/contato\/#breadcrumb"},"inLanguage":"pt-PT","potentialAction":[{"@type":"ReadAction","target":["https:\/\/saibam.com.br\/excel\/contato\/"]}]},{"@type":"BreadcrumbList","@id":"https:\/\/saibam.com.br\/excel\/contato\/#breadcrumb","itemListElement":[{"@type":"ListItem","position":1,"name":"In\u00edcio","item":"https:\/\/saibam.com.br\/excel\/"},{"@type":"ListItem","position":2,"name":"Contato"}]},{"@type":"WebSite","@id":"https:\/\/saibam.com.br\/excel\/#website","url":"https:\/\/saibam.com.br\/excel\/","name":"Saibam","description":"Excel Macros VBA","potentialAction":[{"@type":"SearchAction","target":{"@type":"EntryPoint","urlTemplate":"https:\/\/saibam.com.br\/excel\/?s={search_term_string}"},"query-input":{"@type":"PropertyValueSpecification","valueRequired":true,"valueName":"search_term_string"}}],"inLanguage":"pt-PT"}]}},"tpgb_featured_images":null,"tpgb_post_meta_info":{"get_date":"Outubro 7, 2023","get_modified_date":"Outubro 12, 2023","author_name":"admin","author_url":"https:\/\/saibam.com.br\/excel\/author\/admin-2\/","author_email":"admin@saibam.com.br","author_website":"https:\/\/saibam.com.br\/excel","author_description":"","author_facebook":"","author_twitter":"","author_instagram":"","author_role":["administrator"],"author_firstname":"","author_lastname":"","user_login":"Pizza","author_avatar":"<img alt='' src='https:\/\/secure.gravatar.com\/avatar\/814c3f56d09b0c5755ac3b2c200ae705288694cfce205a77aaa6142979dfe4aa?s=200&#038;d=mm&#038;r=g' srcset='https:\/\/secure.gravatar.com\/avatar\/814c3f56d09b0c5755ac3b2c200ae705288694cfce205a77aaa6142979dfe4aa?s=400&#038;d=mm&#038;r=g 2x' class='avatar avatar-200 photo' height='200' width='200' decoding='async'\/>","author_avatar_url":"https:\/\/secure.gravatar.com\/avatar\/814c3f56d09b0c5755ac3b2c200ae705288694cfce205a77aaa6142979dfe4aa?s=96&d=mm&r=g","comment_count":0,"post_likes":0,"post_views":0},"tpgb_post_category":[],"_links":{"self":[{"href":"https:\/\/saibam.com.br\/excel\/wp-json\/wp\/v2\/pages\/15","targetHints":{"allow":["GET"]}}],"collection":[{"href":"https:\/\/saibam.com.br\/excel\/wp-json\/wp\/v2\/pages"}],"about":[{"href":"https:\/\/saibam.com.br\/excel\/wp-json\/wp\/v2\/types\/page"}],"author":[{"embeddable":true,"href":"https:\/\/saibam.com.br\/excel\/wp-json\/wp\/v2\/users\/2"}],"replies":[{"embeddable":true,"href":"https:\/\/saibam.com.br\/excel\/wp-json\/wp\/v2\/comments?post=15"}],"version-history":[{"count":4,"href":"https:\/\/saibam.com.br\/excel\/wp-json\/wp\/v2\/pages\/15\/revisions"}],"predecessor-version":[{"id":554,"href":"https:\/\/saibam.com.br\/excel\/wp-json\/wp\/v2\/pages\/15\/revisions\/554"}],"wp:attachment":[{"href":"https:\/\/saibam.com.br\/excel\/wp-json\/wp\/v2\/media?parent=15"}],"curies":[{"name":"wp","href":"https:\/\/api.w.org\/{rel}","templated":true}]}}